{"id":840,"date":"2022-12-17T09:05:13","date_gmt":"2022-12-17T06:05:13","guid":{"rendered":"https:\/\/bursaefeturizm.com\/?page_id=840"},"modified":"2022-12-17T10:43:37","modified_gmt":"2022-12-17T07:43:37","slug":"ogrenci-tasimaciligi","status":"publish","type":"page","link":"https:\/\/bursaefeturizm.com\/index.php\/hizmetlerimiz\/ogrenci-tasimaciligi\/","title":{"rendered":"\u00d6\u011frenci Ta\u015f\u0131mac\u0131l\u0131\u011f\u0131"},"content":{"rendered":"<div id='av_section_1'  class='avia-section av-4xs9cj-f4aff2c617cdb89fe615e11fa39a17d3 main_color avia-section-large avia-no-border-styling  avia-builder-el-0  el_before_av_masonry_gallery  avia-builder-el-first  avia-bg-style-scroll container_wrap sidebar_right'  ><div class='container av-section-cont-open' ><main  role=\"main\" itemprop=\"mainContentOfPage\"  class='template-page content  av-content-small alpha units'><div class='post-entry post-entry-type-page post-entry-840'><div class='entry-content-wrapper clearfix'>\n\n<style type=\"text\/css\" data-created_by=\"avia_inline_auto\" id=\"style-css-av-4povdn-697d6ebef69fc04af25724470d7ee220\">\n#top .av-special-heading.av-4povdn-697d6ebef69fc04af25724470d7ee220{\npadding-bottom:30px;\nfont-size:55px;\n}\nbody .av-special-heading.av-4povdn-697d6ebef69fc04af25724470d7ee220 .av-special-heading-tag .heading-char{\nfont-size:25px;\n}\n#top #wrap_all .av-special-heading.av-4povdn-697d6ebef69fc04af25724470d7ee220 .av-special-heading-tag{\nfont-size:55px;\n}\n.av-special-heading.av-4povdn-697d6ebef69fc04af25724470d7ee220 .av-subheading{\nfont-size:15px;\n}\n\n@media only screen and (min-width: 480px) and (max-width: 767px){ \n#top #wrap_all .av-special-heading.av-4povdn-697d6ebef69fc04af25724470d7ee220 .av-special-heading-tag{\nfont-size:0.8em;\n}\n}\n\n@media only screen and (max-width: 479px){ \n#top #wrap_all .av-special-heading.av-4povdn-697d6ebef69fc04af25724470d7ee220 .av-special-heading-tag{\nfont-size:0.8em;\n}\n}\n<\/style>\n<div  class='av-special-heading av-4povdn-697d6ebef69fc04af25724470d7ee220 av-special-heading-h1 blockquote modern-quote  avia-builder-el-1  el_before_av_one_full  avia-builder-el-first  av-thin-font av-inherit-size'><h1 class='av-special-heading-tag'  itemprop=\"headline\"  >\u00d6\u011eRENC\u0130 TA\u015eIMACILI\u011eI<strong>&#8230;<\/strong><\/h1><div class=\"special-heading-border\"><div class=\"special-heading-inner-border\"><\/div><\/div><\/div>\n\n<style type=\"text\/css\" data-created_by=\"avia_inline_auto\" id=\"style-css-av-4mbu4j-e492441e5e88c0ee3548ea12f89aa8b8\">\n.flex_column.av-4mbu4j-e492441e5e88c0ee3548ea12f89aa8b8{\n-webkit-border-radius:0px 0px 0px 0px;\n-moz-border-radius:0px 0px 0px 0px;\nborder-radius:0px 0px 0px 0px;\n}\n<\/style>\n<div class='flex_column av-4mbu4j-e492441e5e88c0ee3548ea12f89aa8b8 av_one_full  avia-builder-el-2  el_after_av_heading  avia-builder-el-last  first flex_column_div av-zero-column-padding '     ><section  class='av_textblock_section av-4ea9qr-a56739b0e1ff0f8e9534b19ad3e391e1'  itemscope=\"itemscope\" itemtype=\"https:\/\/schema.org\/CreativeWork\" ><div class='avia_textblock'  itemprop=\"text\" ><div class=\"reading\">\n<p>\u00d6\u011frencilerin e\u011fitim s\u00fcre\u00e7lerinde ula\u015f\u0131m\u0131n\u0131 sa\u011flamak amac\u0131 ile olu\u015fturdu\u011fumuz ekibimiz, g\u00fcvenilir ve kaliteli hizmet anlay\u0131\u015f\u0131 ile \u00e7al\u0131\u015fmaktad\u0131r. Ailelerin \u00e7ocuklar\u0131n\u0131 g\u00fcvenilir ve emin ellere emanet ederek ula\u015f\u0131mlar\u0131n\u0131 ger\u00e7ekle\u015ftirmek isterler. Bizlerde bu ba\u011flamda \u00f6\u011frencilerin hem konforlu hem de g\u00fcvenli bir \u015fekilde okullar\u0131na ve evlerine ula\u015fmalar\u0131n\u0131 sa\u011flamaktay\u0131z.<\/p>\n<p>\u00d6\u011frencilerin okullar\u0131na ve evlerine zaman\u0131nda ula\u015fmas\u0131 konusunda en az aileleri kadar titiz davrand\u0131\u011f\u0131m\u0131z\u0131 da belirtmek isteriz. Verdi\u011fimiz hizmetlerde m\u00fc\u015fteri memnuniyetini hep en \u00fcst seviyede tutman\u0131n gayreti i\u00e7erisindeyiz.<\/p>\n<p>\u00d6\u011frenci ta\u015f\u0131mac\u0131l\u0131\u011f\u0131 ilkleri olan ta\u015f\u0131ma hizmeti ile \u00e7ocu\u011funuzun g\u00fcne konforlu ve g\u00fcvenli bir \u015fekilde ba\u015flamas\u0131n\u0131 sa\u011flamak i\u00e7in ekibimiz yo\u011fun bir \u015fekilde \u00e7al\u0131\u015f\u0131r. E\u011fitimli ve tecr\u00fcbeli s\u00fcr\u00fcc\u00fcler ile \u00f6\u011frenciler g\u00fcvenli bir \u015fekilde yolculuklar\u0131na devam ederken, konforlu ara\u00e7lar\u0131m\u0131z sayesinde arkada\u015flar\u0131yla e\u011flenceli sohbetler ederek okullar\u0131na ula\u015f\u0131rlar. T\u00fcm kalite belgeleri ile yolculuklar\u0131n her zaman rahat ve emniyetli bir \u015fekilde s\u00fcrmesi i\u00e7in \u00e7aba g\u00f6steririz.<\/p>\n<p>Sizlerde \u00f6\u011frenci ta\u015f\u0131mac\u0131l\u0131\u011f\u0131 yapan okullar aras\u0131nda kaliteli ve g\u00fcvenilir hizmet beklentinizde mutlaka bizden\u00a0fiyat teklifi\u00a0almadan karar vermeyin!<\/p>\n<p>Ula\u015f\u0131m hizmetinizi yerine getirmek ve sizleri de referanslar\u0131m\u0131z aras\u0131nda g\u00f6rmekten\u00a0onur duyar\u0131z.<\/p>\n<\/div>\n<\/div><\/section><\/div>\n<style type=\"text\/css\" data-created_by=\"avia_inline_auto\" id=\"style-css-av-36g58r-17d454cf8c16cfd71c552e16dc269dcf\">\n#top .av-masonry.av-36g58r-17d454cf8c16cfd71c552e16dc269dcf{\nbackground-color:#191919;\n}\n<\/style>\n<div id='av-masonry-1' class='av-masonry av-36g58r-17d454cf8c16cfd71c552e16dc269dcf noHover av-fixed-size av-large-gap av-hover-overlay-active av-masonry-animation-active av-masonry-col-5 av-caption-always av-caption-style- av-masonry-gallery '><div class=\"av-masonry-container isotope av-js-disabled\"><div class='av-masonry-entry isotope-item av-masonry-item-no-image '><\/div><a href=\"https:\/\/bursaefeturizm.com\/wp-content\/uploads\/2022\/12\/Bursa-Efe-Turim-548-1.jpeg\" data-srcset=\"https:\/\/bursaefeturizm.com\/wp-content\/uploads\/2022\/12\/Bursa-Efe-Turim-548-1.jpeg 1000w, https:\/\/bursaefeturizm.com\/wp-content\/uploads\/2022\/12\/Bursa-Efe-Turim-548-1-300x203.jpeg 300w, https:\/\/bursaefeturizm.com\/wp-content\/uploads\/2022\/12\/Bursa-Efe-Turim-548-1-768x519.jpeg 768w, https:\/\/bursaefeturizm.com\/wp-content\/uploads\/2022\/12\/Bursa-Efe-Turim-548-1-705x477.jpeg 705w\" data-sizes=\"(max-width: 1000px) 100vw, 1000px\"  aria-label=\"image Bursa Efe Turim &#8211; 548 (1)\"  id='av-masonry-1-item-820' data-av-masonry-item='820' class='av-masonry-entry isotope-item post-820 attachment type-attachment status-inherit hentry  av-masonry-item-with-image' title=\"Bursa Efe Turim &#8211; 548 (1)\" alt=\"\"    itemprop=\"thumbnailUrl\" ><div class='av-inner-masonry-sizer'><\/div><figure class='av-inner-masonry main_color'><div class=\"av-masonry-outerimage-container\"><div class='av-masonry-image-container' style=\"background-image: url(https:\/\/bursaefeturizm.com\/wp-content\/uploads\/2022\/12\/Bursa-Efe-Turim-548-1-705x477.jpeg);\"  title=\"Bursa Efe Turim &#8211; 548 (1)\"  ><\/div><\/div><\/figure><\/a><!--end av-masonry entry--><a href=\"https:\/\/bursaefeturizm.com\/wp-content\/uploads\/2022\/12\/Bursa-Efe-Turim-548-2.jpeg\" data-srcset=\"https:\/\/bursaefeturizm.com\/wp-content\/uploads\/2022\/12\/Bursa-Efe-Turim-548-2.jpeg 1000w, https:\/\/bursaefeturizm.com\/wp-content\/uploads\/2022\/12\/Bursa-Efe-Turim-548-2-300x200.jpeg 300w, https:\/\/bursaefeturizm.com\/wp-content\/uploads\/2022\/12\/Bursa-Efe-Turim-548-2-768x512.jpeg 768w, https:\/\/bursaefeturizm.com\/wp-content\/uploads\/2022\/12\/Bursa-Efe-Turim-548-2-705x470.jpeg 705w\" data-sizes=\"(max-width: 1000px) 100vw, 1000px\"  aria-label=\"image Bursa Efe Turim &#8211; 548 (2)\"  id='av-masonry-1-item-821' data-av-masonry-item='821' class='av-masonry-entry isotope-item post-821 attachment type-attachment status-inherit hentry  av-masonry-item-with-image' title=\"Bursa Efe Turim &#8211; 548 (2)\" alt=\"\"    itemprop=\"thumbnailUrl\" ><div class='av-inner-masonry-sizer'><\/div><figure class='av-inner-masonry main_color'><div class=\"av-masonry-outerimage-container\"><div class='av-masonry-image-container' style=\"background-image: url(https:\/\/bursaefeturizm.com\/wp-content\/uploads\/2022\/12\/Bursa-Efe-Turim-548-2-705x470.jpeg);\"  title=\"Bursa Efe Turim &#8211; 548 (2)\"  ><\/div><\/div><\/figure><\/a><!--end av-masonry entry--><a href=\"https:\/\/bursaefeturizm.com\/wp-content\/uploads\/2022\/12\/Bursa-Efe-Turim-548-3.jpeg\" data-srcset=\"https:\/\/bursaefeturizm.com\/wp-content\/uploads\/2022\/12\/Bursa-Efe-Turim-548-3.jpeg 1000w, https:\/\/bursaefeturizm.com\/wp-content\/uploads\/2022\/12\/Bursa-Efe-Turim-548-3-300x200.jpeg 300w, https:\/\/bursaefeturizm.com\/wp-content\/uploads\/2022\/12\/Bursa-Efe-Turim-548-3-768x512.jpeg 768w, https:\/\/bursaefeturizm.com\/wp-content\/uploads\/2022\/12\/Bursa-Efe-Turim-548-3-705x470.jpeg 705w\" data-sizes=\"(max-width: 1000px) 100vw, 1000px\"  aria-label=\"image Bursa Efe Turim &#8211; 548 (3)\"  id='av-masonry-1-item-822' data-av-masonry-item='822' class='av-masonry-entry isotope-item post-822 attachment type-attachment status-inherit hentry  av-masonry-item-with-image' title=\"Bursa Efe Turim &#8211; 548 (3)\" alt=\"\"    itemprop=\"thumbnailUrl\" ><div class='av-inner-masonry-sizer'><\/div><figure class='av-inner-masonry main_color'><div class=\"av-masonry-outerimage-container\"><div class='av-masonry-image-container' style=\"background-image: url(https:\/\/bursaefeturizm.com\/wp-content\/uploads\/2022\/12\/Bursa-Efe-Turim-548-3-705x470.jpeg);\"  title=\"Bursa Efe Turim &#8211; 548 (3)\"  ><\/div><\/div><\/figure><\/a><!--end av-masonry entry--><a href=\"https:\/\/bursaefeturizm.com\/wp-content\/uploads\/2022\/12\/Bursa-Efe-Turim-548-4.jpeg\" data-srcset=\"https:\/\/bursaefeturizm.com\/wp-content\/uploads\/2022\/12\/Bursa-Efe-Turim-548-4.jpeg 1000w, https:\/\/bursaefeturizm.com\/wp-content\/uploads\/2022\/12\/Bursa-Efe-Turim-548-4-300x200.jpeg 300w, https:\/\/bursaefeturizm.com\/wp-content\/uploads\/2022\/12\/Bursa-Efe-Turim-548-4-768x512.jpeg 768w, https:\/\/bursaefeturizm.com\/wp-content\/uploads\/2022\/12\/Bursa-Efe-Turim-548-4-705x470.jpeg 705w\" data-sizes=\"(max-width: 1000px) 100vw, 1000px\"  aria-label=\"image Bursa Efe Turim &#8211; 548 (4)\"  id='av-masonry-1-item-823' data-av-masonry-item='823' class='av-masonry-entry isotope-item post-823 attachment type-attachment status-inherit hentry  av-masonry-item-with-image' title=\"Bursa Efe Turim &#8211; 548 (4)\" alt=\"\"    itemprop=\"thumbnailUrl\" ><div class='av-inner-masonry-sizer'><\/div><figure class='av-inner-masonry main_color'><div class=\"av-masonry-outerimage-container\"><div class='av-masonry-image-container' style=\"background-image: url(https:\/\/bursaefeturizm.com\/wp-content\/uploads\/2022\/12\/Bursa-Efe-Turim-548-4-705x470.jpeg);\"  title=\"Bursa Efe Turim &#8211; 548 (4)\"  ><\/div><\/div><\/figure><\/a><!--end av-masonry entry--><a href=\"https:\/\/bursaefeturizm.com\/wp-content\/uploads\/2022\/12\/Bursa-Efe-Turim-548-5.jpeg\" data-srcset=\"https:\/\/bursaefeturizm.com\/wp-content\/uploads\/2022\/12\/Bursa-Efe-Turim-548-5.jpeg 1000w, https:\/\/bursaefeturizm.com\/wp-content\/uploads\/2022\/12\/Bursa-Efe-Turim-548-5-300x198.jpeg 300w, https:\/\/bursaefeturizm.com\/wp-content\/uploads\/2022\/12\/Bursa-Efe-Turim-548-5-768x507.jpeg 768w, https:\/\/bursaefeturizm.com\/wp-content\/uploads\/2022\/12\/Bursa-Efe-Turim-548-5-705x465.jpeg 705w\" data-sizes=\"(max-width: 1000px) 100vw, 1000px\"  aria-label=\"image Bursa Efe Turim &#8211; 548 (5)\"  id='av-masonry-1-item-824' data-av-masonry-item='824' class='av-masonry-entry isotope-item post-824 attachment type-attachment status-inherit hentry  av-masonry-item-with-image' title=\"Bursa Efe Turim &#8211; 548 (5)\" alt=\"\"    itemprop=\"thumbnailUrl\" ><div class='av-inner-masonry-sizer'><\/div><figure class='av-inner-masonry main_color'><div class=\"av-masonry-outerimage-container\"><div class='av-masonry-image-container' style=\"background-image: url(https:\/\/bursaefeturizm.com\/wp-content\/uploads\/2022\/12\/Bursa-Efe-Turim-548-5-705x465.jpeg);\"  title=\"Bursa Efe Turim &#8211; 548 (5)\"  ><\/div><\/div><\/figure><\/a><!--end av-masonry entry--><\/div><\/div><\/p>\n<div id='av-layout-grid-1'  class='av-layout-grid-container av-bajff-d908644f7f0b6ddbce16a1fb2ec96441 entry-content-wrapper alternate_color av-flex-cells  avia-builder-el-5  el_after_av_masonry_gallery  el_before_av_section  grid-row-not-first  container_wrap sidebar_right'  >\n\n<style type=\"text\/css\" data-created_by=\"avia_inline_auto\" id=\"style-css-av-2u74p7-513af13416afd79eeb72b8666a38fa60\">\n.flex_cell.av-2u74p7-513af13416afd79eeb72b8666a38fa60{\nvertical-align:middle;\npadding:0px 0px 0px 0px;\nbackground:url(https:\/\/bursaefeturizm.com\/wp-content\/uploads\/2022\/12\/efeturizm-ofis-bursa-564687.jpg) 0% 50% no-repeat scroll ;\n}\n<\/style>\n<div class='flex_cell av-2u74p7-513af13416afd79eeb72b8666a38fa60 av-gridrow-cell av_one_half no_margin  avia-builder-el-6  el_before_av_cell_one_half  avia-builder-el-first  av-zero-padding avia-full-stretch' ><div class='flex_cell_inner'><\/div><\/div>\n<style type=\"text\/css\" data-created_by=\"avia_inline_auto\" id=\"style-css-av-2qiner-3668c48751d385344c28ed67571c7010\">\n.flex_cell.av-2qiner-3668c48751d385344c28ed67571c7010{\nvertical-align:middle;\npadding:100px 100px 100px 100px;\n}\n<\/style>\n<div class='flex_cell av-2qiner-3668c48751d385344c28ed67571c7010 av-gridrow-cell av_one_half no_margin  avia-builder-el-7  el_after_av_cell_one_half  avia-builder-el-last ' ><div class='flex_cell_inner'><p>\n<style type=\"text\/css\" data-created_by=\"avia_inline_auto\" id=\"style-css-av-2m21rv-b7335fe527528c8de28bd07fd43476a7\">\n#top .av-special-heading.av-2m21rv-b7335fe527528c8de28bd07fd43476a7{\npadding-bottom:20px;\nfont-size:50px;\n}\nbody .av-special-heading.av-2m21rv-b7335fe527528c8de28bd07fd43476a7 .av-special-heading-tag .heading-char{\nfont-size:25px;\n}\n#top #wrap_all .av-special-heading.av-2m21rv-b7335fe527528c8de28bd07fd43476a7 .av-special-heading-tag{\nfont-size:50px;\n}\n.av-special-heading.av-2m21rv-b7335fe527528c8de28bd07fd43476a7 .av-subheading{\nfont-size:15px;\n}\n\n@media only screen and (min-width: 480px) and (max-width: 767px){ \n#top #wrap_all .av-special-heading.av-2m21rv-b7335fe527528c8de28bd07fd43476a7 .av-special-heading-tag{\nfont-size:0.8em;\n}\n}\n\n@media only screen and (max-width: 479px){ \n#top #wrap_all .av-special-heading.av-2m21rv-b7335fe527528c8de28bd07fd43476a7 .av-special-heading-tag{\nfont-size:0.8em;\n}\n}\n<\/style>\n<div  class='av-special-heading av-2m21rv-b7335fe527528c8de28bd07fd43476a7 av-special-heading-h1 blockquote modern-quote  avia-builder-el-8  el_before_av_textblock  avia-builder-el-first  av-thin-font av-inherit-size'><h1 class='av-special-heading-tag'  itemprop=\"headline\"  >DO\u011eRU H\u0130ZMET<strong>&#8230;<\/strong><\/h1><div class=\"special-heading-border\"><div class=\"special-heading-inner-border\"><\/div><\/div><\/div><br \/>\n<section  class='av_textblock_section av-2h770r-90f6ea8f162d767335ea4d36eb8cdb13'  itemscope=\"itemscope\" itemtype=\"https:\/\/schema.org\/CreativeWork\" ><div class='avia_textblock'  itemprop=\"text\" ><p>Bursa Efe Turizm Ta\u015f\u0131mac\u0131l\u0131\u011f\u0131 olarak turizm, personel ve \u00f6\u011frenci ta\u015f\u0131mac\u0131l\u0131\u011f\u0131, m\u00fc\u015fteri ta\u015f\u0131mac\u0131l\u0131\u011f\u0131; profesyonel y\u00f6netimi, uzman \u015fof\u00f6r kadrosu ve g\u00fc\u00e7l\u00fc teknoloji altyap\u0131s\u0131 ile s\u00fcrekli geli\u015ferek, T\u00fcrkiye\u2019nin \u00f6nemli kamu ve \u00f6zel kurulu\u015flar\u0131na servis hizmetleri sunmaktad\u0131r.<\/p>\n<\/div><\/section><\/p>\n<\/div><\/div>\n<\/div>\n\n<style type=\"text\/css\" data-created_by=\"avia_inline_auto\" id=\"style-css-av-2aoow3-505372ef3112116a2479abc5de5b98cd\">\n.avia-section.av-2aoow3-505372ef3112116a2479abc5de5b98cd{\nbackground-repeat:no-repeat;\nbackground-image:url(https:\/\/bursaefeturizm.com\/wp-content\/uploads\/2022\/12\/servis-1.jpeg);\nbackground-position:50% 50%;\nbackground-attachment:fixed;\n}\n.avia-section.av-2aoow3-505372ef3112116a2479abc5de5b98cd .av-section-color-overlay{\nopacity:0.8;\nbackground-color:#000000;\n}\n<\/style>\n<div id='av_section_2'  class='avia-section av-2aoow3-505372ef3112116a2479abc5de5b98cd alternate_color avia-section-huge avia-no-border-styling  avia-builder-el-10  el_after_av_layout_row  el_before_av_layout_row  avia-full-stretch avia-bg-style-fixed av-section-color-overlay-active container_wrap sidebar_right'  data-section-bg-repeat='stretch'><div class=\"av-section-color-overlay-wrap\"><div class=\"av-section-color-overlay\"><\/div><div class='container av-section-cont-open' ><div class='template-page content  av-content-small alpha units'><div class='post-entry post-entry-type-page post-entry-840'><div class='entry-content-wrapper clearfix'>\n\n<style type=\"text\/css\" data-created_by=\"avia_inline_auto\" id=\"style-css-av-20myij-5d8a196cb7bdf38195ee5a70e3e9c76b\">\n.flex_column.av-20myij-5d8a196cb7bdf38195ee5a70e3e9c76b{\n-webkit-border-radius:0px 0px 0px 0px;\n-moz-border-radius:0px 0px 0px 0px;\nborder-radius:0px 0px 0px 0px;\n}\n<\/style>\n<div class='flex_column av-20myij-5d8a196cb7bdf38195ee5a70e3e9c76b av_one_fifth  avia-builder-el-11  el_before_av_three_fifth  avia-builder-el-first  first flex_column_div av-zero-column-padding '     ><\/div>\n<style type=\"text\/css\" data-created_by=\"avia_inline_auto\" id=\"style-css-av-1uhdnv-f786e4cd47225c998789a714077fab9d\">\n.flex_column.av-1uhdnv-f786e4cd47225c998789a714077fab9d{\n-webkit-border-radius:0px 0px 0px 0px;\n-moz-border-radius:0px 0px 0px 0px;\nborder-radius:0px 0px 0px 0px;\n}\n<\/style>\n<div class='flex_column av-1uhdnv-f786e4cd47225c998789a714077fab9d av_three_fifth  avia-builder-el-12  el_after_av_one_fifth  el_before_av_one_fifth  flex_column_div av-zero-column-padding '     ><p>\n<style type=\"text\/css\" data-created_by=\"avia_inline_auto\" id=\"style-css-av-1qzdeb-31c884cf3bb43e1d7a5b64d87d1bb17d\">\n#top .av-special-heading.av-1qzdeb-31c884cf3bb43e1d7a5b64d87d1bb17d{\npadding-bottom:20px;\nfont-size:50px;\n}\nbody .av-special-heading.av-1qzdeb-31c884cf3bb43e1d7a5b64d87d1bb17d .av-special-heading-tag .heading-char{\nfont-size:25px;\n}\n#top #wrap_all .av-special-heading.av-1qzdeb-31c884cf3bb43e1d7a5b64d87d1bb17d .av-special-heading-tag{\nfont-size:50px;\n}\n.av-special-heading.av-1qzdeb-31c884cf3bb43e1d7a5b64d87d1bb17d .av-subheading{\nfont-size:15px;\n}\n\n@media only screen and (min-width: 480px) and (max-width: 767px){ \n#top #wrap_all .av-special-heading.av-1qzdeb-31c884cf3bb43e1d7a5b64d87d1bb17d .av-special-heading-tag{\nfont-size:0.8em;\n}\n}\n\n@media only screen and (max-width: 479px){ \n#top #wrap_all .av-special-heading.av-1qzdeb-31c884cf3bb43e1d7a5b64d87d1bb17d .av-special-heading-tag{\nfont-size:0.8em;\n}\n}\n<\/style>\n<div  class='av-special-heading av-1qzdeb-31c884cf3bb43e1d7a5b64d87d1bb17d av-special-heading-h1 blockquote modern-quote modern-centered  avia-builder-el-13  el_before_av_textblock  avia-builder-el-first  av-thin-font av-inherit-size'><h1 class='av-special-heading-tag'  itemprop=\"headline\"  >H\u0130ZMETTE KAL\u0130TE B\u0130Z\u0130M \u0130\u015e\u0130M\u0130Z<strong>.<\/strong><\/h1><div class=\"special-heading-border\"><div class=\"special-heading-inner-border\"><\/div><\/div><\/div><br \/>\n<section  class='av_textblock_section av-1iyzgb-1a2ae51e610ca594af3b772e97c1894c'  itemscope=\"itemscope\" itemtype=\"https:\/\/schema.org\/CreativeWork\" ><div class='avia_textblock'  itemprop=\"text\" ><p style=\"text-align: center;\"><span class=\"ortaalan\">Ana faaliyetimiz, personel ta\u015f\u0131ma hizmeti konusunda anla\u015fma sa\u011flad\u0131\u011f\u0131m\u0131z firmalar\u0131n personelinin, g\u00fcvenli, huzurlu, sa\u011fl\u0131kl\u0131 ve dakik bir \u015fekilde ta\u015f\u0131nmas\u0131n\u0131 sa\u011flamakt\u0131r.<\/span><\/p>\n<\/div><\/section><\/p><\/div>\n<style type=\"text\/css\" data-created_by=\"avia_inline_auto\" id=\"style-css-av-1eqt23-33c9b9e26902dbe1a53465be03ddca2c\">\n.flex_column.av-1eqt23-33c9b9e26902dbe1a53465be03ddca2c{\n-webkit-border-radius:0px 0px 0px 0px;\n-moz-border-radius:0px 0px 0px 0px;\nborder-radius:0px 0px 0px 0px;\n}\n<\/style>\n<div class='flex_column av-1eqt23-33c9b9e26902dbe1a53465be03ddca2c av_one_fifth  avia-builder-el-15  el_after_av_three_fifth  avia-builder-el-last  flex_column_div av-zero-column-padding '     ><\/div>\n\n<\/div><\/div><\/main><!-- close content main element --><\/div><\/div><\/div><div id='av-layout-grid-2'  class='av-layout-grid-container av-1av0nf-8cb4c2b27d2ffcee84f6caf61ad28fe8 entry-content-wrapper main_color av-flex-cells  avia-builder-el-16  el_after_av_section  avia-builder-el-last  grid-row-not-first  container_wrap sidebar_right'  >\n\n<style type=\"text\/css\" data-created_by=\"avia_inline_auto\" id=\"style-css-av-125eiz-a46afab52db79db3e48bb1f994caa478\">\n.flex_cell.av-125eiz-a46afab52db79db3e48bb1f994caa478{\nvertical-align:middle;\npadding:50px 50px 50px 50px;\nbackground-color:#ffffff;\n}\n<\/style>\n<div class='flex_cell av-125eiz-a46afab52db79db3e48bb1f994caa478 av-gridrow-cell av_one_third no_margin  avia-builder-el-17  el_before_av_cell_one_third  avia-builder-el-first  avia-full-stretch' ><div class='flex_cell_inner'>\n<style type=\"text\/css\" data-created_by=\"avia_inline_auto\" id=\"style-css-av-zpsz7-37162d727458fa5be766e940d167907f\">\n#top .avia-animated-number.av-zpsz7-37162d727458fa5be766e940d167907f .avia-animated-number-title{\nfont-size:50px;\ncolor:#0a0a0a;\n}\n#top .avia-animated-number.av-zpsz7-37162d727458fa5be766e940d167907f .avia-animated-number-content{\nfont-size:22px;\ncolor:#444444;\n}\n<\/style>\n<div  class=\"avia-animated-number av-zpsz7-37162d727458fa5be766e940d167907f av-force-default-color avia_animate_when_visible  avia-builder-el-18  avia-builder-el-no-sibling  avia-color-font-custom \" data-timer=\"3000\"><strong class=\"heading avia-animated-number-title\"><span class=\"avia-no-number\">Uygun Fiyatlar<\/span><\/strong><div class=\"avia-animated-number-content\"><p>Sonradan Bir Supriz Yok<\/p>\n<\/div><\/div>\n<\/div><\/div>\n<style type=\"text\/css\" data-created_by=\"avia_inline_auto\" id=\"style-css-av-ov45v-10d78393e0c3460ae113fc958bc1fd9b\">\n.flex_cell.av-ov45v-10d78393e0c3460ae113fc958bc1fd9b{\nvertical-align:middle;\npadding:50px 50px 50px 50px;\nbackground-color:#292929;\n}\n<\/style>\n<div class='flex_cell av-ov45v-10d78393e0c3460ae113fc958bc1fd9b av-gridrow-cell av_one_third no_margin  avia-builder-el-19  el_after_av_cell_one_third  el_before_av_cell_one_third  avia-full-stretch' ><div class='flex_cell_inner'>\n<style type=\"text\/css\" data-created_by=\"avia_inline_auto\" id=\"style-css-av-ke4mz-45bdd3c4cdcb529142810ea04f97401a\">\n#top .avia-animated-number.av-ke4mz-45bdd3c4cdcb529142810ea04f97401a .avia-animated-number-title{\nfont-size:50px;\ncolor:#ffffff;\n}\n#top .avia-animated-number.av-ke4mz-45bdd3c4cdcb529142810ea04f97401a .avia-animated-number-content{\nfont-size:22px;\ncolor:#444444;\n}\n<\/style>\n<div  class=\"avia-animated-number av-ke4mz-45bdd3c4cdcb529142810ea04f97401a av-force-default-color avia_animate_when_visible  avia-builder-el-20  avia-builder-el-no-sibling  avia-color-font-custom \" data-timer=\"3000\"><strong class=\"heading avia-animated-number-title\"><span class=\"avia-no-number\">Uzman ve Tecr\u00fcbeli<\/span><\/strong><div class=\"avia-animated-number-content\"><p>S\u00fcr\u00fcc\u00fc Kadrosu<\/p>\n<\/div><\/div>\n<\/div><\/div>\n<style type=\"text\/css\" data-created_by=\"avia_inline_auto\" id=\"style-css-av-1kamr-81f99463bcbe39133982878e416aa1d1\">\n.flex_cell.av-1kamr-81f99463bcbe39133982878e416aa1d1{\nvertical-align:middle;\npadding:50px 50px 50px 50px;\nbackground-color:#3c3c3c;\n}\n<\/style>\n<div class='flex_cell av-1kamr-81f99463bcbe39133982878e416aa1d1 av-gridrow-cell av_one_third no_margin  avia-builder-el-21  el_after_av_cell_one_third  avia-builder-el-last  avia-full-stretch' ><div class='flex_cell_inner'>\n<style type=\"text\/css\" data-created_by=\"avia_inline_auto\" id=\"style-css-av-a423v-4031aa7d1368a5d6ae13cfcc380fad91\">\n#top .avia-animated-number.av-a423v-4031aa7d1368a5d6ae13cfcc380fad91 .avia-animated-number-title{\nfont-size:50px;\ncolor:#ffffff;\n}\n#top .avia-animated-number.av-a423v-4031aa7d1368a5d6ae13cfcc380fad91 .avia-animated-number-content{\nfont-size:22px;\ncolor:#444444;\n}\n<\/style>\n<div  class=\"avia-animated-number av-a423v-4031aa7d1368a5d6ae13cfcc380fad91 av-force-default-color avia_animate_when_visible  avia-builder-el-22  avia-builder-el-no-sibling  avia-color-font-custom \" data-timer=\"3000\"><strong class=\"heading avia-animated-number-title\"><span class=\"avia-single-number __av-single-number\" data-number_format=\"\" data-number=\"14\" data-start_from=\"0\">14<\/span><span class=\"avia-no-number\"> Y\u0131ll\u0131k<\/span><\/strong><div class=\"avia-animated-number-content\"><p>Tecr\u00fcbe<\/p>\n<\/div><\/div>\n<\/div><\/div>\n<\/div>\n","protected":false},"excerpt":{"rendered":"","protected":false},"author":1,"featured_media":0,"parent":894,"menu_order":0,"comment_status":"closed","ping_status":"closed","template":"","meta":{"footnotes":""},"class_list":["post-840","page","type-page","status-publish","hentry"],"_links":{"self":[{"href":"https:\/\/bursaefeturizm.com\/index.php\/wp-json\/wp\/v2\/pages\/840","targetHints":{"allow":["GET"]}}],"collection":[{"href":"https:\/\/bursaefeturizm.com\/index.php\/wp-json\/wp\/v2\/pages"}],"about":[{"href":"https:\/\/bursaefeturizm.com\/index.php\/wp-json\/wp\/v2\/types\/page"}],"author":[{"embeddable":true,"href":"https:\/\/bursaefeturizm.com\/index.php\/wp-json\/wp\/v2\/users\/1"}],"replies":[{"embeddable":true,"href":"https:\/\/bursaefeturizm.com\/index.php\/wp-json\/wp\/v2\/comments?post=840"}],"version-history":[{"count":2,"href":"https:\/\/bursaefeturizm.com\/index.php\/wp-json\/wp\/v2\/pages\/840\/revisions"}],"predecessor-version":[{"id":843,"href":"https:\/\/bursaefeturizm.com\/index.php\/wp-json\/wp\/v2\/pages\/840\/revisions\/843"}],"up":[{"embeddable":true,"href":"https:\/\/bursaefeturizm.com\/index.php\/wp-json\/wp\/v2\/pages\/894"}],"wp:attachment":[{"href":"https:\/\/bursaefeturizm.com\/index.php\/wp-json\/wp\/v2\/media?parent=840"}],"curies":[{"name":"wp","href":"https:\/\/api.w.org\/{rel}","templated":true}]}}