{"id":794,"date":"2022-12-16T22:10:14","date_gmt":"2022-12-16T19:10:14","guid":{"rendered":"https:\/\/bursaefeturizm.com\/?page_id=794"},"modified":"2022-12-17T11:46:56","modified_gmt":"2022-12-17T08:46:56","slug":"iletisim","status":"publish","type":"page","link":"https:\/\/bursaefeturizm.com\/index.php\/iletisim\/","title":{"rendered":"\u0130leti\u015fim"},"content":{"rendered":"<div id='av_section_1'  class='avia-section av-4c7vi1-b4fcdb11177779a90bfb9dd968df7ba4 main_color avia-section-small avia-no-border-styling  avia-builder-el-0  el_before_av_section  avia-builder-el-first  avia-bg-style-scroll container_wrap sidebar_right'  ><div class='container av-section-cont-open' ><main  role=\"main\" itemprop=\"mainContentOfPage\"  class='template-page content  av-content-small alpha units'><div class='post-entry post-entry-type-page post-entry-794'><div class='entry-content-wrapper clearfix'>\n\n<style type=\"text\/css\" data-created_by=\"avia_inline_auto\" id=\"style-css-av-4adqbt-bdbfb0da00f55e18ccbac67b9ee57aab\">\n#top .av-special-heading.av-4adqbt-bdbfb0da00f55e18ccbac67b9ee57aab{\npadding-bottom:30px;\nfont-size:70px;\n}\nbody .av-special-heading.av-4adqbt-bdbfb0da00f55e18ccbac67b9ee57aab .av-special-heading-tag .heading-char{\nfont-size:25px;\n}\n#top #wrap_all .av-special-heading.av-4adqbt-bdbfb0da00f55e18ccbac67b9ee57aab .av-special-heading-tag{\nfont-size:70px;\n}\n.av-special-heading.av-4adqbt-bdbfb0da00f55e18ccbac67b9ee57aab .av-subheading{\nfont-size:15px;\n}\n\n@media only screen and (min-width: 480px) and (max-width: 767px){ \n#top #wrap_all .av-special-heading.av-4adqbt-bdbfb0da00f55e18ccbac67b9ee57aab .av-special-heading-tag{\nfont-size:0.8em;\n}\n}\n\n@media only screen and (max-width: 479px){ \n#top #wrap_all .av-special-heading.av-4adqbt-bdbfb0da00f55e18ccbac67b9ee57aab .av-special-heading-tag{\nfont-size:0.8em;\n}\n}\n<\/style>\n<div  class='av-special-heading av-4adqbt-bdbfb0da00f55e18ccbac67b9ee57aab av-special-heading-h1 blockquote modern-quote  avia-builder-el-1  el_before_av_one_half  avia-builder-el-first  av-thin-font av-inherit-size'><h1 class='av-special-heading-tag'  itemprop=\"headline\"  >\u0130LET\u0130\u015e\u0130ME GE\u00c7<strong>.<\/strong><\/h1><div class=\"special-heading-border\"><div class=\"special-heading-inner-border\"><\/div><\/div><\/div>\n\n<style type=\"text\/css\" data-created_by=\"avia_inline_auto\" id=\"style-css-av-426mvd-90828f2ad8f4eb24115c615e5ef24e1f\">\n.flex_column.av-426mvd-90828f2ad8f4eb24115c615e5ef24e1f{\n-webkit-border-radius:0px 0px 0px 0px;\n-moz-border-radius:0px 0px 0px 0px;\nborder-radius:0px 0px 0px 0px;\n}\n<\/style>\n<div class='flex_column av-426mvd-90828f2ad8f4eb24115c615e5ef24e1f av_one_half  avia-builder-el-2  el_after_av_heading  el_before_av_one_fourth  first flex_column_div av-zero-column-padding '     ><section  class='av_textblock_section av-3xqm2h-f6c25e60be100422bc18009797d06d36'  itemscope=\"itemscope\" itemtype=\"https:\/\/schema.org\/CreativeWork\" ><div class='avia_textblock'  itemprop=\"text\" ><p><span class=\"ortaalan\">Ana faaliyetimiz, personel ta\u015f\u0131ma hizmeti konusunda anla\u015fma sa\u011flad\u0131\u011f\u0131m\u0131z firmalar\u0131n personelinin, g\u00fcvenli, huzurlu, sa\u011fl\u0131kl\u0131 ve dakik bir \u015fekilde ta\u015f\u0131nmas\u0131n\u0131 sa\u011flamakt\u0131r.<\/span><\/p>\n<p>\u00d6\u011frenci Servis Ta\u015f\u0131mac\u0131l\u0131\u011f\u0131nda ana politikam\u0131z, ta\u015f\u0131m\u0131\u015f oldu\u011fumuz \u00f6\u011frencilerimizin g\u00fcvenlik ve konforunu sa\u011flayarak, kurumsal i\u015f yap\u0131\u015f tarz\u0131m\u0131z ve kalitemizle en de\u011ferli varl\u0131klar\u0131m\u0131za sunmakt\u0131r.<\/p>\n<\/div><\/section><\/div>\n<style type=\"text\/css\" data-created_by=\"avia_inline_auto\" id=\"style-css-av-3rhayh-7ee96426cf99ded38fbf943c8d505f79\">\n.flex_column.av-3rhayh-7ee96426cf99ded38fbf943c8d505f79{\n-webkit-border-radius:0px 0px 0px 0px;\n-moz-border-radius:0px 0px 0px 0px;\nborder-radius:0px 0px 0px 0px;\n}\n<\/style>\n<div class='flex_column av-3rhayh-7ee96426cf99ded38fbf943c8d505f79 av_one_fourth  avia-builder-el-4  el_after_av_one_half  el_before_av_one_fourth  flex_column_div av-zero-column-padding '     ><section  class='av_textblock_section av-3l5myx-5405a659f6e9f93986d49ac33ade70f9'  itemscope=\"itemscope\" itemtype=\"https:\/\/schema.org\/CreativeWork\" ><div class='avia_textblock'  itemprop=\"text\" ><p><strong>Adres:<\/strong><br \/>\nDemirta\u015f Dumlup\u0131nar Mah. 52.Sk. No.2 Kat.1 Osmangazi-BURSA<\/p>\n\n<style type=\"text\/css\" data-created_by=\"avia_inline_auto\" id=\"style-css-av-hrs8y-68284df32d76542a6000e8cc5ba93070\">\n.av_font_icon.av-hrs8y-68284df32d76542a6000e8cc5ba93070 .av-icon-char{\nfont-size:20px;\nline-height:20px;\n}\n<\/style>\n<span  class='av_font_icon av-hrs8y-68284df32d76542a6000e8cc5ba93070 avia_animate_when_visible av-icon-style- avia-icon-pos-left av-no-color avia-icon-animate'><span class='av-icon-char' aria-hidden='true' data-av_icon='\ue854' data-av_iconfont='entypo-fontello' ><\/span><\/span>\n<p><a href=\"tel:\/\/+905532855820\">0553 285 58 20<\/a><\/p>\n\n<style type=\"text\/css\" data-created_by=\"avia_inline_auto\" id=\"style-css-av-xd8a-d61bc237e644016e46d0b8dde84274ed\">\n.av_font_icon.av-xd8a-d61bc237e644016e46d0b8dde84274ed .av-icon-char{\nfont-size:20px;\nline-height:20px;\n}\n<\/style>\n<span  class='av_font_icon av-xd8a-d61bc237e644016e46d0b8dde84274ed avia_animate_when_visible av-icon-style- avia-icon-pos-left av-no-color avia-icon-animate'><span class='av-icon-char' aria-hidden='true' data-av_icon='\ue805' data-av_iconfont='entypo-fontello' ><\/span><\/span>\n<p><a href=\"mailto:info@bursaefeturizm.com\">info@bursaefeturizm.com<\/a><\/p>\n<\/div><\/section><\/div>\n<style type=\"text\/css\" data-created_by=\"avia_inline_auto\" id=\"style-css-av-3cpo2h-23eb628f81468d9097de2f95a00987d8\">\n.flex_column.av-3cpo2h-23eb628f81468d9097de2f95a00987d8{\n-webkit-border-radius:0px 0px 0px 0px;\n-moz-border-radius:0px 0px 0px 0px;\nborder-radius:0px 0px 0px 0px;\n}\n<\/style>\n<div class='flex_column av-3cpo2h-23eb628f81468d9097de2f95a00987d8 av_one_fourth  avia-builder-el-8  el_after_av_one_fourth  el_before_av_hr  flex_column_div av-zero-column-padding '     ><section  class='av_textblock_section av-3apo8x-aa1cee29229b0a37ac6d1c47c0649e51'  itemscope=\"itemscope\" itemtype=\"https:\/\/schema.org\/CreativeWork\" ><div class='avia_textblock'  itemprop=\"text\" ><p><strong>Ofis \u00c7al\u0131\u015fma Saatleri:<\/strong><br \/>\nHafta i\u00e7i: 08:30 \u2013 18:30<br \/>\nCumartesi: 08:30 \u2013 14:30<br \/>\nPazar: Kapal\u0131<\/p>\n<\/div><\/section><\/div><div  class='hr av-lbrirq3x-a9381846e31eca30bb22ced2f1c2c0b5 hr-default  avia-builder-el-10  el_after_av_one_fourth  el_before_av_codeblock '><span class='hr-inner '><span class=\"hr-inner-style\"><\/span><\/span><\/div>\n\n\n<\/div><\/div><\/main><!-- close content main element --><\/div><\/div>\n<style type=\"text\/css\" data-created_by=\"avia_inline_auto\" id=\"style-css-av-343och-4b8111892dbb900ea70bd118297f36e0\">\n.avia-section.av-343och-4b8111892dbb900ea70bd118297f36e0{\nbackground-repeat:no-repeat;\nbackground-image:url(https:\/\/bursaefeturizm.com\/wp-content\/uploads\/2022\/12\/servis-1.jpeg);\nbackground-position:50% 50%;\nbackground-attachment:fixed;\n}\n.avia-section.av-343och-4b8111892dbb900ea70bd118297f36e0 .av-section-color-overlay{\nopacity:0.8;\nbackground-color:#000000;\n}\n<\/style>\n<div id='av_section_2'  class='avia-section av-343och-4b8111892dbb900ea70bd118297f36e0 alternate_color avia-section-huge avia-no-border-styling  avia-builder-el-12  el_after_av_section  avia-builder-el-last  avia-full-stretch avia-bg-style-fixed av-section-color-overlay-active container_wrap sidebar_right'  data-section-bg-repeat='stretch'><div class=\"av-section-color-overlay-wrap\"><div class=\"av-section-color-overlay\"><\/div><div class='container av-section-cont-open' ><div class='template-page content  av-content-small alpha units'><div class='post-entry post-entry-type-page post-entry-794'><div class='entry-content-wrapper clearfix'>\n\n<style type=\"text\/css\" data-created_by=\"avia_inline_auto\" id=\"style-css-av-2yo14x-e3957d7ec313a383daab5c1020578351\">\n.flex_column.av-2yo14x-e3957d7ec313a383daab5c1020578351{\n-webkit-border-radius:0px 0px 0px 0px;\n-moz-border-radius:0px 0px 0px 0px;\nborder-radius:0px 0px 0px 0px;\n}\n<\/style>\n<div class='flex_column av-2yo14x-e3957d7ec313a383daab5c1020578351 av_three_fifth  avia-builder-el-13  el_before_av_two_fifth  avia-builder-el-first  first flex_column_div av-zero-column-padding '     ><p>\n<style type=\"text\/css\" data-created_by=\"avia_inline_auto\" id=\"style-css-av-2oheu1-70c6b9e53a0143744484cfb3e12c68e9\">\n#top .av-special-heading.av-2oheu1-70c6b9e53a0143744484cfb3e12c68e9{\npadding-bottom:20px;\nfont-size:50px;\n}\nbody .av-special-heading.av-2oheu1-70c6b9e53a0143744484cfb3e12c68e9 .av-special-heading-tag .heading-char{\nfont-size:25px;\n}\n#top #wrap_all .av-special-heading.av-2oheu1-70c6b9e53a0143744484cfb3e12c68e9 .av-special-heading-tag{\nfont-size:50px;\n}\n.av-special-heading.av-2oheu1-70c6b9e53a0143744484cfb3e12c68e9 .av-subheading{\nfont-size:15px;\n}\n\n@media only screen and (min-width: 480px) and (max-width: 767px){ \n#top #wrap_all .av-special-heading.av-2oheu1-70c6b9e53a0143744484cfb3e12c68e9 .av-special-heading-tag{\nfont-size:0.8em;\n}\n}\n\n@media only screen and (max-width: 479px){ \n#top #wrap_all .av-special-heading.av-2oheu1-70c6b9e53a0143744484cfb3e12c68e9 .av-special-heading-tag{\nfont-size:0.8em;\n}\n}\n<\/style>\n<div  class='av-special-heading av-2oheu1-70c6b9e53a0143744484cfb3e12c68e9 av-special-heading-h1 blockquote modern-quote modern-centered  avia-builder-el-14  el_before_av_contact  avia-builder-el-first  av-thin-font av-inherit-size'><h1 class='av-special-heading-tag'  itemprop=\"headline\"  >\u0130LET\u0130\u015e\u0130M FORMU<strong>.<\/strong><\/h1><div class=\"special-heading-border\"><div class=\"special-heading-inner-border\"><\/div><\/div><\/div><br \/>\n<form action=\"https:\/\/bursaefeturizm.com\/index.php\/iletisim\/\" method=\"post\"  class=\"avia_ajax_form av-form-labels-hidden   avia-builder-el-15  el_after_av_heading  avia-builder-el-last  av-custom-form-color av-light-form \" data-avia-form-id=\"1\" data-avia-redirect='' ><fieldset><p class='  first_form  form_element form_element_half' id='element_avia_1_1'><label for=\"avia_1_1\">Ad & Soyad <abbr class=\"required\" title=\"Zorunlu\">*<\/abbr><\/label> <input name=\"avia_1_1\" class=\"text_input is_empty\" type=\"text\" id=\"avia_1_1\" value=\"\"  placeholder='Ad & Soyad*'\/><\/p><p class='  form_element form_element_half' id='element_avia_2_1'><label for=\"avia_2_1\">E-Mail Adresiniz<\/label> <input name=\"avia_2_1\" class=\"text_input \" type=\"text\" id=\"avia_2_1\" value=\"\"  placeholder='E-Mail Adresiniz'\/><\/p><p class='  first_form  form_element form_fullwidth' id='element_avia_3_1'><label for=\"avia_3_1\">Telefon Numaran\u0131z<\/label> <input name=\"avia_3_1\" class=\"text_input \" type=\"text\" id=\"avia_3_1\" value=\"\"  placeholder='Telefon Numaran\u0131z'\/><\/p><p class='  first_form  form_element form_fullwidth' id='element_avia_4_1'><label for=\"avia_4_1\">Konu <abbr class=\"required\" title=\"Zorunlu\">*<\/abbr><\/label> <input name=\"avia_4_1\" class=\"text_input is_empty\" type=\"text\" id=\"avia_4_1\" value=\"\"  placeholder='Konu*'\/><\/p><p class='  first_form  form_element form_fullwidth' id='element_avia_5_1'><label for=\"avia_5_1\" class=\"textare_label hidden textare_label_avia_5_1\">Mesaj\u0131n\u0131z <abbr class=\"required\" title=\"Zorunlu\">*<\/abbr><\/label><textarea  placeholder='Mesaj\u0131n\u0131z*' name=\"avia_5_1\" class=\"text_area is_empty\" cols=\"40\" rows=\"7\" id=\"avia_5_1\" ><\/textarea><\/p><p class=\"hidden\"><input type=\"text\" name=\"avia_6_1\" class=\"hidden \" id=\"avia_6_1\" value=\"\" \/><\/p><p class='   form_element form_fullwidth' id='element_avia_7_1'><span class='value_verifier_label'>1 + 3 = ?<\/span><input name=\"avia_7_1_verifier\" type=\"hidden\" id=\"avia_7_1_verifier\" value=\"483442753\"\/><label for=\"avia_7_1\">L\u00fctfen denklemi \u00e7\u00f6zerek insan oldu\u011funuzu kan\u0131tlay\u0131n\u0131z <abbr class=\"required\" title=\"Zorunlu\">*<\/abbr><\/label><input name=\"avia_7_1\" class=\"text_input captcha\" type=\"text\" id=\"avia_7_1\" value=\"\"\/><\/p><p class=\"form_element \"><input type=\"hidden\" value=\"1\" name=\"avia_generated_form1\" \/><input type=\"submit\" value=\"G\u00f6nder\" class=\"button\"  data-sending-label=\"G\u00f6nderiliyor\"\/><\/p><\/fieldset><\/form><div id=\"ajaxresponse_1\" class=\"ajaxresponse ajaxresponse_1 hidden\"><\/div><\/p><\/div>\n<style type=\"text\/css\" data-created_by=\"avia_inline_auto\" id=\"style-css-av-1thaa1-82fd6275c8cdaa28e1045923a2e836de\">\n.flex_column.av-1thaa1-82fd6275c8cdaa28e1045923a2e836de{\n-webkit-border-radius:0px 0px 0px 0px;\n-moz-border-radius:0px 0px 0px 0px;\nborder-radius:0px 0px 0px 0px;\n}\n<\/style>\n<div class='flex_column av-1thaa1-82fd6275c8cdaa28e1045923a2e836de av_two_fifth  avia-builder-el-16  el_after_av_three_fifth  avia-builder-el-last  flex_column_div av-zero-column-padding '     ><p>\n<style type=\"text\/css\" data-created_by=\"avia_inline_auto\" id=\"style-css-av-1ltb3d-47a33ec1aebe2cba418fc0e25e687f09\">\n#top .av-special-heading.av-1ltb3d-47a33ec1aebe2cba418fc0e25e687f09{\npadding-bottom:20px;\nfont-size:50px;\n}\nbody .av-special-heading.av-1ltb3d-47a33ec1aebe2cba418fc0e25e687f09 .av-special-heading-tag .heading-char{\nfont-size:25px;\n}\n#top #wrap_all .av-special-heading.av-1ltb3d-47a33ec1aebe2cba418fc0e25e687f09 .av-special-heading-tag{\nfont-size:50px;\n}\n.av-special-heading.av-1ltb3d-47a33ec1aebe2cba418fc0e25e687f09 .av-subheading{\nfont-size:15px;\n}\n\n@media only screen and (min-width: 480px) and (max-width: 767px){ \n#top #wrap_all .av-special-heading.av-1ltb3d-47a33ec1aebe2cba418fc0e25e687f09 .av-special-heading-tag{\nfont-size:0.8em;\n}\n}\n\n@media only screen and (max-width: 479px){ \n#top #wrap_all .av-special-heading.av-1ltb3d-47a33ec1aebe2cba418fc0e25e687f09 .av-special-heading-tag{\nfont-size:0.8em;\n}\n}\n<\/style>\n<div  class='av-special-heading av-1ltb3d-47a33ec1aebe2cba418fc0e25e687f09 av-special-heading-h1 blockquote modern-quote  avia-builder-el-17  el_before_av_textblock  avia-builder-el-first  av-thin-font av-inherit-size'><h1 class='av-special-heading-tag'  itemprop=\"headline\"  >EFE TUR\u0130ZM<strong>&#8230;<\/strong><\/h1><div class=\"special-heading-border\"><div class=\"special-heading-inner-border\"><\/div><\/div><\/div><br \/>\n\n<style type=\"text\/css\" data-created_by=\"avia_inline_auto\" id=\"style-css-av-1hf6yp-712ffcaf2473d8aef209d19caac9f0e0\">\n#top .av_textblock_section.av-1hf6yp-712ffcaf2473d8aef209d19caac9f0e0 .avia_textblock{\nfont-size:24px;\ncolor:#ffffff;\n}\n<\/style>\n<section  class='av_textblock_section av-1hf6yp-712ffcaf2473d8aef209d19caac9f0e0'  itemscope=\"itemscope\" itemtype=\"https:\/\/schema.org\/CreativeWork\" ><div class='avia_textblock av_inherit_color'  itemprop=\"text\" ><p>Bursa Efe Turizm her ge\u00e7en g\u00fcn \u00fclkemizin \u00f6nde gelen kurumsal \u015firketlerini ve e\u011fitim kurumlar\u0131n\u0131 portf\u00f6y\u00fcne katarak h\u0131zl\u0131 b\u00fcy\u00fcmeye devam etmektedir.<br \/>\nEfe Turizm, altyap\u0131s\u0131 ve son model ara\u00e7 filosuyla <strong>\u201cKalite\u201d<\/strong> prensibinden \u00f6d\u00fcn vermemektedir.<\/p>\n<\/div><\/section><\/p><\/div><\/div><\/div><\/div><!-- close content main div --><\/div><\/div><\/div><div id='after_section_2'  class='main_color av_default_container_wrap container_wrap sidebar_right'  ><div class='container av-section-cont-open' ><div class='template-page content  av-content-small alpha units'><div class='post-entry post-entry-type-page post-entry-794'><div class='entry-content-wrapper clearfix'>\n","protected":false},"excerpt":{"rendered":"","protected":false},"author":1,"featured_media":0,"parent":0,"menu_order":0,"comment_status":"closed","ping_status":"closed","template":"","meta":{"footnotes":""},"class_list":["post-794","page","type-page","status-publish","hentry"],"_links":{"self":[{"href":"https:\/\/bursaefeturizm.com\/index.php\/wp-json\/wp\/v2\/pages\/794","targetHints":{"allow":["GET"]}}],"collection":[{"href":"https:\/\/bursaefeturizm.com\/index.php\/wp-json\/wp\/v2\/pages"}],"about":[{"href":"https:\/\/bursaefeturizm.com\/index.php\/wp-json\/wp\/v2\/types\/page"}],"author":[{"embeddable":true,"href":"https:\/\/bursaefeturizm.com\/index.php\/wp-json\/wp\/v2\/users\/1"}],"replies":[{"embeddable":true,"href":"https:\/\/bursaefeturizm.com\/index.php\/wp-json\/wp\/v2\/comments?post=794"}],"version-history":[{"count":16,"href":"https:\/\/bursaefeturizm.com\/index.php\/wp-json\/wp\/v2\/pages\/794\/revisions"}],"predecessor-version":[{"id":934,"href":"https:\/\/bursaefeturizm.com\/index.php\/wp-json\/wp\/v2\/pages\/794\/revisions\/934"}],"wp:attachment":[{"href":"https:\/\/bursaefeturizm.com\/index.php\/wp-json\/wp\/v2\/media?parent=794"}],"curies":[{"name":"wp","href":"https:\/\/api.w.org\/{rel}","templated":true}]}}